{"id":2,"date":"2015-04-06T19:31:59","date_gmt":"2015-04-06T19:31:59","guid":{"rendered":"http:\/\/michaelrieder.photography\/?page_id=2"},"modified":"2021-01-16T16:39:57","modified_gmt":"2021-01-16T15:39:57","slug":"beispiel-seite","status":"publish","type":"page","link":"http:\/\/michaelrieder.photography\/?page_id=2","title":{"rendered":"\u00dcber mich"},"content":{"rendered":"\n<figure class=\"wp-block-image\"><img loading=\"lazy\" width=\"4608\" height=\"2880\" src=\"http:\/\/michaelrieder.photography\/wp-content\/uploads\/2021\/01\/P5310576-edited.jpg\" alt=\"\" class=\"wp-image-1709\" srcset=\"http:\/\/michaelrieder.photography\/wp-content\/uploads\/2021\/01\/P5310576-edited.jpg 4608w, http:\/\/michaelrieder.photography\/wp-content\/uploads\/2021\/01\/P5310576-edited-300x188.jpg 300w, http:\/\/michaelrieder.photography\/wp-content\/uploads\/2021\/01\/P5310576-edited-1024x640.jpg 1024w, http:\/\/michaelrieder.photography\/wp-content\/uploads\/2021\/01\/P5310576-edited-768x480.jpg 768w, http:\/\/michaelrieder.photography\/wp-content\/uploads\/2021\/01\/P5310576-edited-1536x960.jpg 1536w, http:\/\/michaelrieder.photography\/wp-content\/uploads\/2021\/01\/P5310576-edited-2048x1280.jpg 2048w\" sizes=\"(max-width: 4608px) 100vw, 4608px\" \/><\/figure>\n\n\n\n<p class=\"has-text-align-left\">Meine Name ist Michael Rieder und ich bin ein begeisterter Landschaftsfotograf! In jedem meiner Bilder steckt ein Abenteuer und eine Geschichte. Sei es das Ausharren f\u00fcr den perfekten Schnappschuss w\u00e4hrend eines bitterkalten Sonnenaufgangs auf \u00fcber 5\u2019000m in den bolivianischen Anden, dem geduldigen Suchen nach der perfekten Farbenkombination aus Wasserflaschen auf dem belebtesten Markt von Buenos Aires oder dem Trotzen gegen den k\u00fchlen Nordseewind im Hamburger Hafen. Ich fotografiere aus Leidenschaft, bin entt\u00e4uscht wenn ich den richtigen Moment verpasst habe und umso begeisterter, wenn ich die Stimmung und die Szene perfekt getroffen habe!<\/p>\n","protected":false},"excerpt":{"rendered":"<p>Meine Name ist Michael Rieder und ich bin ein begeisterter Landschaftsfotograf! In jedem meiner Bilder steckt ein Abenteuer und eine Geschichte. Sei es das Ausharren f\u00fcr den perfekten Schnappschuss w\u00e4hrend eines bitterkalten Sonnenaufgangs auf \u00fcber 5\u2019000m in den bolivianischen Anden, dem geduldigen Suchen nach der perfekten Farbenkombination aus Wasserflaschen auf dem belebtesten Markt von Buenos [&hellip;]<\/p>\n","protected":false},"author":1,"featured_media":0,"parent":0,"menu_order":0,"comment_status":"open","ping_status":"open","template":"","meta":{"ngg_post_thumbnail":0},"_links":{"self":[{"href":"http:\/\/michaelrieder.photography\/index.php?rest_route=\/wp\/v2\/pages\/2"}],"collection":[{"href":"http:\/\/michaelrieder.photography\/index.php?rest_route=\/wp\/v2\/pages"}],"about":[{"href":"http:\/\/michaelrieder.photography\/index.php?rest_route=\/wp\/v2\/types\/page"}],"author":[{"embeddable":true,"href":"http:\/\/michaelrieder.photography\/index.php?rest_route=\/wp\/v2\/users\/1"}],"replies":[{"embeddable":true,"href":"http:\/\/michaelrieder.photography\/index.php?rest_route=%2Fwp%2Fv2%2Fcomments&post=2"}],"version-history":[{"count":21,"href":"http:\/\/michaelrieder.photography\/index.php?rest_route=\/wp\/v2\/pages\/2\/revisions"}],"predecessor-version":[{"id":1711,"href":"http:\/\/michaelrieder.photography\/index.php?rest_route=\/wp\/v2\/pages\/2\/revisions\/1711"}],"wp:attachment":[{"href":"http:\/\/michaelrieder.photography\/index.php?rest_route=%2Fwp%2Fv2%2Fmedia&parent=2"}],"curies":[{"name":"wp","href":"https:\/\/api.w.org\/{rel}","templated":true}]}}